{"id":2904,"date":"2021-09-18T03:16:52","date_gmt":"2021-09-18T03:16:52","guid":{"rendered":"https:\/\/www.pardosilver.com\/?page_id=2904"},"modified":"2021-10-06T01:03:22","modified_gmt":"2021-10-06T01:03:22","slug":"matriz-de-cursos","status":"publish","type":"page","link":"https:\/\/www.pardosilver.com\/?page_id=2904","title":{"rendered":"Matriz De Cursos"},"content":{"rendered":"<p>[row]<\/p>\n<div class='content-column two_third'>[slider interval=\u00bb4000&#8243;]<br \/>\n[slideritem title=\u00bbtitle1&#8243; image=\u00bbhttps:\/\/www.pardosilver.com\/wp-content\/uploads\/2021\/09\/banner-1.png\u00bb][\/slideritem]<br \/>\n[slideritem title=\u00bbtitle2&#8243; image=\u00bbhttps:\/\/www.pardosilver.com\/wp-content\/uploads\/2021\/09\/banner-2.png\u00bb][\/slideritem]<br \/>\n[slideritem title=\u00bbtitle3&#8243; image=\u00bbhttps:\/\/www.pardosilver.com\/wp-content\/uploads\/2021\/09\/banner-3.png\u00bb][\/slideritem]<br \/>\n[\/slider]<\/div>\n<div class='content-column one_third'>[panel type=\u00bbwidgets\u00bb title=\u00bbMatriz De Cursos\u00bb ]<\/p>\n<ol style=\"font-size: 12px;\">\n<li style=\"color: #0a0909; line-height: 15px;\">Inducci\u00f3n a personal de acuerdo al DS 024-2016 -EM<\/li>\n<li style=\"color: #0a0909; line-height: 15px;\">Gesti\u00f3n de la seguridad y salud ocupacional basada en Normas nacionales.<\/li>\n<li style=\"color: #0a0909; line-height: 15px;\">Investigaci\u00f3n y reporte de incidentes.<\/li>\n<li style=\"color: #0a0909; line-height: 15px;\">Inspecciones de seguridad<\/li>\n<li style=\"color: #0a0909; line-height: 15px;\">IPERC<\/li>\n<li style=\"color: #0a0909; line-height: 15px;\">Legislaci\u00f3n en seguridad minera<\/li>\n<li style=\"color: #0a0909; line-height: 15px;\">Trabajo en altura<\/li>\n<li style=\"color: #0a0909; line-height: 15px;\">Trabajos en espacios confinados<\/li>\n<li style=\"color: #0a0909; line-height: 15px;\">Trabajos en caliente<\/li>\n<li style=\"color: #0a0909; line-height: 15px;\">Manejo defensivo<\/li>\n<li style=\"color: #0a0909; line-height: 15px;\">Auditorias de seguridad<\/li>\n<li style=\"color: #0a0909; line-height: 15px;\">Salud ocupacional y primeros auxilios<\/li>\n<li style=\"color: #0a0909; line-height: 15px;\">Seguridad con explosivos<\/li>\n<li style=\"color: #0a0909; line-height: 15px;\">Elaboraci\u00f3n de est\u00e1ndares generales y operativos<\/li>\n<li style=\"color: #0a0909; line-height: 15px;\">Elaboraci\u00f3n de PETS<\/li>\n<li style=\"color: #0a0909; line-height: 15px;\">Prevenci\u00f3n de accidentes con gases<\/li>\n<li style=\"color: #0a0909; line-height: 15px;\">Prevenci\u00f3n de ca\u00eddas de rocas<\/li>\n<li style=\"color: #0a0909; line-height: 15px;\">Seguridad con herramientas manuales y\/o el\u00e9ctricas<\/li>\n<li style=\"color: #0a0909; line-height: 15px;\">Seguridad basada en el comportamiento<\/li>\n<li style=\"color: #0a0909; line-height: 15px;\">Control de agentes f\u00edsicos, qu\u00edmicos, biol\u00f3gicos y factores de riesgos ergon\u00f3micos<\/li>\n<li style=\"color: #0a0909; line-height: 15px;\">Prevenci\u00f3n de riesgos industrial, construcci\u00f3n civil<\/li>\n<li style=\"color: #0a0909; line-height: 15px;\">Cursos de Perforaci\u00f3n y Voladura<\/li>\n<li style=\"color: #0a0909; line-height: 15px;\">Geomec\u00e1nica b\u00e1sica ,intermedia y avanzada Industrial<\/li>\n<li style=\"color: #0a0909; line-height: 15px;\">Otros a solicitud del cliente<\/li>\n<\/ol>\n<p>[\/panel]<\/p><\/div>\n<p>[\/row]<\/p>\n<p>[row]<br \/>\n[one_whole][portlist title=\u00bbPROYECTOS RELACIONADOS\u00bb limit=\u00bb6&#8243; featured=\u00bb0&#8243;\/][\/one_whole]<br \/>\n[\/row]<\/p>\n","protected":false},"excerpt":{"rendered":"<p>[row] [\/row] [row] [one_whole][portlist title=\u00bbPROYECTOS RELACIONADOS\u00bb limit=\u00bb6&#8243; featured=\u00bb0&#8243;\/][\/one_whole] [\/row]<\/p>\n","protected":false},"author":1,"featured_media":0,"parent":0,"menu_order":0,"comment_status":"open","ping_status":"open","template":"","meta":{"_et_pb_use_builder":"","_et_pb_old_content":"","_et_gb_content_width":"","footnotes":""},"class_list":["post-2904","page","type-page","status-publish","hentry"],"_links":{"self":[{"href":"https:\/\/www.pardosilver.com\/index.php?rest_route=\/wp\/v2\/pages\/2904","targetHints":{"allow":["GET"]}}],"collection":[{"href":"https:\/\/www.pardosilver.com\/index.php?rest_route=\/wp\/v2\/pages"}],"about":[{"href":"https:\/\/www.pardosilver.com\/index.php?rest_route=\/wp\/v2\/types\/page"}],"author":[{"embeddable":true,"href":"https:\/\/www.pardosilver.com\/index.php?rest_route=\/wp\/v2\/users\/1"}],"replies":[{"embeddable":true,"href":"https:\/\/www.pardosilver.com\/index.php?rest_route=%2Fwp%2Fv2%2Fcomments&post=2904"}],"version-history":[{"count":18,"href":"https:\/\/www.pardosilver.com\/index.php?rest_route=\/wp\/v2\/pages\/2904\/revisions"}],"predecessor-version":[{"id":3230,"href":"https:\/\/www.pardosilver.com\/index.php?rest_route=\/wp\/v2\/pages\/2904\/revisions\/3230"}],"wp:attachment":[{"href":"https:\/\/www.pardosilver.com\/index.php?rest_route=%2Fwp%2Fv2%2Fmedia&parent=2904"}],"curies":[{"name":"wp","href":"https:\/\/api.w.org\/{rel}","templated":true}]}}