{"id":2898,"date":"2021-09-18T03:09:54","date_gmt":"2021-09-18T03:09:54","guid":{"rendered":"https:\/\/www.pardosilver.com\/?page_id=2898"},"modified":"2021-09-28T00:24:09","modified_gmt":"2021-09-28T00:24:09","slug":"quienes-somos","status":"publish","type":"page","link":"https:\/\/www.pardosilver.com\/?page_id=2898","title":{"rendered":"Quienes Somos"},"content":{"rendered":"<p>[row]<\/p>\n<div class='content-column two_third'>[slider interval=\u00bb4000&#8243;]<br \/>\n[slideritem title=\u00bbtitle1&#8243; image=\u00bbhttps:\/\/www.pardosilver.com\/wp-content\/uploads\/2021\/09\/banner-1.png\u00bb][\/slideritem]<br \/>\n[slideritem title=\u00bbtitle2&#8243; image=\u00bbhttps:\/\/www.pardosilver.com\/wp-content\/uploads\/2021\/09\/banner-2.png\u00bb][\/slideritem]<br \/>\n[slideritem title=\u00bbtitle3&#8243; image=\u00bbhttps:\/\/www.pardosilver.com\/wp-content\/uploads\/2021\/09\/banner-3.png\u00bb][\/slideritem]<br \/>\n[\/slider]<\/div>\n<div class='content-column one_third'>[panel type=\u00bbwidgets\u00bb title=\u00bbQuienes Somos\u00bb ]<\/p>\n<p style=\"text-align: justify; color: black\">\nPARDO SILVER SAC es una empresa peruana de asesor\u00eda y consultor\u00eda dise\u00f1ada con la finalidad de proveer a nuestros clientes, servicios y productos de calidad comprobados. Comprometida a colaborar siempre con eficacia e inspirada en valores como puntualidad, solvencia moral integridad y \u00e9tica.[\/panel]<\/p><\/div>\n<p>[\/row]<\/p>\n<p>[row]<br \/>\n[one_whole][portlist title=\u00bbPROYECTOS RELACIONADOS\u00bb limit=\u00bb6&#8243; featured=\u00bb0&#8243;\/][\/one_whole]<br \/>\n[\/row]<\/p>\n","protected":false},"excerpt":{"rendered":"<p>[row] [\/row] [row] [one_whole][portlist title=\u00bbPROYECTOS RELACIONADOS\u00bb limit=\u00bb6&#8243; featured=\u00bb0&#8243;\/][\/one_whole] [\/row]<\/p>\n","protected":false},"author":1,"featured_media":0,"parent":0,"menu_order":0,"comment_status":"open","ping_status":"open","template":"","meta":{"_et_pb_use_builder":"","_et_pb_old_content":"","_et_gb_content_width":"","footnotes":""},"class_list":["post-2898","page","type-page","status-publish","hentry"],"_links":{"self":[{"href":"https:\/\/www.pardosilver.com\/index.php?rest_route=\/wp\/v2\/pages\/2898","targetHints":{"allow":["GET"]}}],"collection":[{"href":"https:\/\/www.pardosilver.com\/index.php?rest_route=\/wp\/v2\/pages"}],"about":[{"href":"https:\/\/www.pardosilver.com\/index.php?rest_route=\/wp\/v2\/types\/page"}],"author":[{"embeddable":true,"href":"https:\/\/www.pardosilver.com\/index.php?rest_route=\/wp\/v2\/users\/1"}],"replies":[{"embeddable":true,"href":"https:\/\/www.pardosilver.com\/index.php?rest_route=%2Fwp%2Fv2%2Fcomments&post=2898"}],"version-history":[{"count":9,"href":"https:\/\/www.pardosilver.com\/index.php?rest_route=\/wp\/v2\/pages\/2898\/revisions"}],"predecessor-version":[{"id":3165,"href":"https:\/\/www.pardosilver.com\/index.php?rest_route=\/wp\/v2\/pages\/2898\/revisions\/3165"}],"wp:attachment":[{"href":"https:\/\/www.pardosilver.com\/index.php?rest_route=%2Fwp%2Fv2%2Fmedia&parent=2898"}],"curies":[{"name":"wp","href":"https:\/\/api.w.org\/{rel}","templated":true}]}}