{"id":2347,"date":"2013-06-03T14:44:58","date_gmt":"2013-06-03T14:44:58","guid":{"rendered":"http:\/\/localhost\/wordpress\/?page_id=2347"},"modified":"2022-11-16T23:44:38","modified_gmt":"2022-11-16T23:44:38","slug":"contact-us","status":"publish","type":"page","link":"https:\/\/www.pardosilver.com\/?page_id=2347","title":{"rendered":"Cont\u00e1ctenos"},"content":{"rendered":"<div class=\"row\">\n<div class=\"large-5 columns\">\n<table>\n<tr>\n<td><img decoding=\"async\" src=\"https:\/\/www.pardosilver.com\/wp-content\/uploads\/2021\/10\/user01.png\" alt=\"user01\" width=\"80px\" \/><\/td>\n<td>\n<i class=\"icon-user\"><\/i>Ing. Luis Pardo Ferrer <br \/>\n<i class=\"icon-briefcase\"><\/i>Jefe de operaciones <br \/>\n<i class=\"icon-phone\"><\/i>966 569 403\n<\/td>\n<\/tr>\n<\/table>\n<table>\n<tr>\n<td><img decoding=\"async\" src=\"https:\/\/www.pardosilver.com\/wp-content\/uploads\/2021\/10\/user02.png\" alt=\"user02\" width=\"80px\" \/><\/td>\n<td>\n<i class=\"icon-user\"><\/i>Jos\u00e9 Sanz Hurtado <br \/>\n<i class=\"icon-briefcase\"><\/i>Coordinador general<br \/>\n<i class=\"icon-briefcase\"><\/i>Ex jefe Corporativo de Capacitaci\u00f3n Volcan Cia minera<br \/>\n<i class=\"icon-phone\"><\/i>968 147 382\n<\/td>\n<\/tr>\n<\/table>\n<table>\n<tr>\n<td><img decoding=\"async\" src=\"https:\/\/www.pardosilver.com\/wp-content\/uploads\/2021\/10\/user03.png\" alt=\"user03\" width=\"80px\" \/><\/td>\n<td>\n<i class=\"icon-user\"><\/i>Ing. Jorge Gonzalez Gonzalez <br \/>\n<i class=\"icon-briefcase\"><\/i>Jefe  \u00e1rea de ingenier\u00eda<br \/>\n<i class=\"icon-phone\"><\/i>980 211 437\n<\/td>\n<\/tr>\n<\/table>\n<\/div>\n<div class=\"large-7 columns\">\n<div id=\"map_canvas\" style=\"position: relative; overflow: hidden;\"><iframe loading=\"lazy\" style=\"border: 0;\" src=\"https:\/\/www.google.com\/maps\/embed?pb=!1m18!1m12!1m3!1d797.5858585992448!2d-77.05172771974712!3d-12.015471692284388!2m3!1f0!2f0!3f0!3m2!1i1024!2i768!4f13.1!3m3!1m2!1s0x9105cf1ebf4c45b3%3A0x595a5a4a4af3c54!2sPuerta%20N%C2%B06%20-%20UNI!5e0!3m2!1ses!2spe!4v1632352959145!5m2!1ses!2spe\" width=\"100%\" height=\"100%\" allowfullscreen=\"allowfullscreen\"><\/iframe>\n<\/div>\n<\/div>\n<\/div>\n<\/div>\n<\/div>\n<h3 class=\"contact_title\">P\u00f3ngase en contacto con nosotros<\/h3>\n<div class=\"contact_info\">\n<ul class=\"about-info\">\n<li><i class=\"icon-home\"><\/i>Frente a la puerta N\u00ba 6 de la UNI -Independencia \u2013 Lima &#8211; Per\u00fa<\/li>\n<li><i class=\"icon-phone\"><\/i>966 569 403 \/ 920 447 756<\/li>\n<li><i class=\"icon-envelope\"><\/i><a href=\"mailto:informes@pardosilver.com\">informes@pardosilver.com<\/a><\/li>\n<\/ul>\n<\/div>\n<div class=\"contact_form\">        <script type=\"text\/javascript\">\n         function cp_contactformtoemail_pform_doValidate_1(form)\n         {\n            document.cp_contactformtoemail_pform_1.cp_ref_page.value = document.location;\n            $dexQuery = jQuery.noConflict();            {\n                var cpefb_error = 0;\n                $dexQuery(\"#cp_contactformtoemail_pform_1\").find(\".cpefb_error\").each(function(index){\n                    if ($dexQuery(this).css(\"display\")!=\"none\")\n                        cpefb_error++;\n                    });\n                if (cpefb_error) return false;\n                if (document.cp_contactformtoemail_pform_1.cp_contactformtoemail_pform_status.value != '0')\n                           return false;\n                document.getElementById(\"refpage_1\").value = document.location;\n                cfte_blink(\".pbSubmit\");\n                document.cp_contactformtoemail_pform_1.cp_contactformtoemail_pform_status.value = '2';document.cp_contactformtoemail_pform_1.cp_contactformtoemail_pform_status.value = '1';\n                       $dexQuery.ajax({\n                         type: \"POST\",\n                         url: '',\n                         data: $dexQuery(\"#cp_contactformtoemail_pform_1\").serialize(),\n                         success: function(data)\n                         {\n                             document.cp_contactformtoemail_pform_1.cp_contactformtoemail_pform_status.value = '0';\n                                                              document.getElementById('cp_contactformtoemail_pform_1').innerHTML ='<a id=\"cftejump\"><\/a>Tu mensaje ha sido enviado. \u00a1Gracias!';\n                                 var tag = $dexQuery(\"#cftejump\");\n                                 $dexQuery('html,body').animate({scrollTop: tag.offset().top-60},'fast');\n                                                        }\n                       });\n                       return false;\n                                }\n         }\n         function cfte_blink(selector){\n                 try {\n                     $dexQuery = jQuery.noConflict();\n                     $dexQuery(selector).fadeOut(700, function(){\n                         $dexQuery(this).fadeIn(700, function(){\n                             try {\n                                 if (document.cp_contactformtoemail_pform_1.cp_contactformtoemail_pform_status.value != '0')\n                                     cfte_blink(this);\n                             } catch (e) {}\n                         });\n                     });\n                 } catch (e) {}\n         }\n         function cp_contactformtoemail_cerror_1(){$dexQuery = jQuery.noConflict();$dexQuery(\"#hdcaptcha_error_1\").css('top',$dexQuery(\"#hdcaptcha_cp_contactformtoemail_post_1\").outerHeight());$dexQuery(\"#hdcaptcha_error_1\").css(\"display\",\"inline\");}\n        <\/script>\n        <div id=\"cftedialog\" style=\"display:none;\">Tu mensaje ha sido enviado. \u00a1Gracias!<\/div>\n        <form class=\"cpp_form no-prefetch\" name=\"cp_contactformtoemail_pform_1\" id=\"cp_contactformtoemail_pform_1\" action=\"\/?ahbnocache=963091\" method=\"post\" enctype=\"multipart\/form-data\" onsubmit=\"return cp_contactformtoemail_pform_doValidate_1(this);\"><input type=\"hidden\" name=\"cp_pform_psequence\" value=\"_1\" \/><input type=\"hidden\" name=\"cp_contactformtoemail_pform_process\" value=\"1\" \/><input type=\"hidden\" name=\"cp_contactformtoemail_id\" value=\"1\" \/><input type=\"hidden\" name=\"cp_ref_page\" value=\"\" \/><input type=\"hidden\" name=\"form_structure_1\" id=\"form_structure_1\" size=\"180\" value=\"[[{&quot;name&quot;:&quot;fieldname1&quot;,&quot;index&quot;:0,&quot;title&quot;:&quot;Nombres&quot;,&quot;required&quot;:true,&quot;minlength&quot;:&quot;4&quot;,&quot;shortlabel&quot;:&quot;&quot;,&quot;ftype&quot;:&quot;ftext&quot;,&quot;userhelp&quot;:&quot;&quot;,&quot;userhelpTooltip&quot;:&quot;&quot;,&quot;csslayout&quot;:&quot;&quot;,&quot;predefined&quot;:&quot;&quot;,&quot;predefinedClick&quot;:false,&quot;size&quot;:&quot;medium&quot;,&quot;maxlength&quot;:&quot;&quot;,&quot;equalTo&quot;:&quot;&quot;},{&quot;name&quot;:&quot;email&quot;,&quot;index&quot;:1,&quot;title&quot;:&quot;Email&quot;,&quot;ftype&quot;:&quot;femail&quot;,&quot;userhelp&quot;:&quot;&quot;,&quot;csslayout&quot;:&quot;&quot;,&quot;required&quot;:true,&quot;predefined&quot;:&quot;&quot;,&quot;size&quot;:&quot;medium&quot;,&quot;shortlabel&quot;:&quot;&quot;,&quot;userhelpTooltip&quot;:&quot;&quot;,&quot;predefinedClick&quot;:false,&quot;equalTo&quot;:&quot;&quot;},{&quot;name&quot;:&quot;subject&quot;,&quot;index&quot;:2,&quot;title&quot;:&quot;Asunto&quot;,&quot;required&quot;:true,&quot;ftype&quot;:&quot;ftext&quot;,&quot;userhelp&quot;:&quot;&quot;,&quot;csslayout&quot;:&quot;&quot;,&quot;predefined&quot;:&quot;&quot;,&quot;size&quot;:&quot;medium&quot;,&quot;shortlabel&quot;:&quot;&quot;,&quot;userhelpTooltip&quot;:&quot;&quot;,&quot;predefinedClick&quot;:false,&quot;minlength&quot;:&quot;&quot;,&quot;maxlength&quot;:&quot;&quot;,&quot;equalTo&quot;:&quot;&quot;},{&quot;name&quot;:&quot;message&quot;,&quot;index&quot;:3,&quot;size&quot;:&quot;large&quot;,&quot;required&quot;:true,&quot;title&quot;:&quot;Mensaje&quot;,&quot;ftype&quot;:&quot;ftextarea&quot;,&quot;userhelp&quot;:&quot;&quot;,&quot;csslayout&quot;:&quot;&quot;,&quot;predefined&quot;:&quot;&quot;,&quot;shortlabel&quot;:&quot;&quot;,&quot;userhelpTooltip&quot;:&quot;&quot;,&quot;predefinedClick&quot;:false,&quot;minlength&quot;:&quot;&quot;,&quot;maxlength&quot;:&quot;&quot;}],[{&quot;title&quot;:&quot;&quot;,&quot;description&quot;:&quot;&quot;,&quot;formlayout&quot;:&quot;top_aligned&quot;}]]\" \/><input type=\"hidden\" name=\"refpage_1\" id=\"refpage_1\" value=\"\"><input type=\"hidden\" name=\"cp_contactformtoemail_pform_status\" value=\"0\" \/><input name=\"anonce\" type=\"hidden\" value=\"7fe3f9e803\"\/><input name=\"cftehp\" id=\"cftehp_1\" type=\"hidden\" value=\"1\"\/>\r\n<div id=\"fbuilder\">    \r\n    <div id=\"fbuilder_1\">\r\n        <div id=\"formheader_1\"><\/div>\r\n        <div id=\"fieldlist_1\"><\/div>\r\n    <\/div>\r\n<\/div>    \r\n<div style=\"display:none\">\r\n<input name=\"cftecontrolmessage\" type=\"text\" value=\"\"\/> \r\n<div id=\"cpcaptchalayer_1\" class=\"cpcaptchalayer\">\r\n<\/div>\r\n<\/div>\r\n<div id=\"cp_subbtn_1\" class=\"cp_subbtn\">Enviar<\/div>\r\n<\/form>\r\n<script>\r\ntry{document.getElementById(\"cftehp_1\").value=\"25\";}catch(e){}\r\n<\/script>\r\n<\/div>\n","protected":false},"excerpt":{"rendered":"<p>Ing. Luis Pardo Ferrer Jefe de operaciones 966 569 403 Jos\u00e9 Sanz Hurtado Coordinador general Ex jefe Corporativo de Capacitaci\u00f3n Volcan Cia minera 968 147 382 Ing. Jorge Gonzalez Gonzalez Jefe \u00e1rea de ingenier\u00eda 980 211 437 P\u00f3ngase en contacto con nosotros Frente a la puerta N\u00ba 6 de la UNI -Independencia \u2013 Lima &#8211; &hellip; <a href=\"https:\/\/www.pardosilver.com\/?page_id=2347\" class=\"more-link\">Contin\u00fae leyendo <span class=\"screen-reader-text\">Cont\u00e1ctenos<\/span> <span class=\"meta-nav\">&rarr;<\/span><\/a><\/p>\n","protected":false},"author":1,"featured_media":0,"parent":0,"menu_order":0,"comment_status":"open","ping_status":"open","template":"","meta":{"_et_pb_use_builder":"","_et_pb_old_content":"","_et_gb_content_width":"","footnotes":""},"class_list":["post-2347","page","type-page","status-publish","hentry"],"_links":{"self":[{"href":"https:\/\/www.pardosilver.com\/index.php?rest_route=\/wp\/v2\/pages\/2347","targetHints":{"allow":["GET"]}}],"collection":[{"href":"https:\/\/www.pardosilver.com\/index.php?rest_route=\/wp\/v2\/pages"}],"about":[{"href":"https:\/\/www.pardosilver.com\/index.php?rest_route=\/wp\/v2\/types\/page"}],"author":[{"embeddable":true,"href":"https:\/\/www.pardosilver.com\/index.php?rest_route=\/wp\/v2\/users\/1"}],"replies":[{"embeddable":true,"href":"https:\/\/www.pardosilver.com\/index.php?rest_route=%2Fwp%2Fv2%2Fcomments&post=2347"}],"version-history":[{"count":54,"href":"https:\/\/www.pardosilver.com\/index.php?rest_route=\/wp\/v2\/pages\/2347\/revisions"}],"predecessor-version":[{"id":3260,"href":"https:\/\/www.pardosilver.com\/index.php?rest_route=\/wp\/v2\/pages\/2347\/revisions\/3260"}],"wp:attachment":[{"href":"https:\/\/www.pardosilver.com\/index.php?rest_route=%2Fwp%2Fv2%2Fmedia&parent=2347"}],"curies":[{"name":"wp","href":"https:\/\/api.w.org\/{rel}","templated":true}]}}